{"id":1133,"date":"2020-08-20T04:01:52","date_gmt":"2020-08-20T04:01:52","guid":{"rendered":"http:\/\/ninzio.com\/byron\/?page_id=1133"},"modified":"2022-04-19T08:10:28","modified_gmt":"2022-04-19T08:10:28","slug":"hakkimizda","status":"publish","type":"page","link":"https:\/\/bolgakalite.com\/index.php\/hakkimizda\/","title":{"rendered":"Hakk\u0131m\u0131zda"},"content":{"rendered":"\t\t<div data-elementor-type=\"wp-page\" data-elementor-id=\"1133\" class=\"elementor elementor-1133\">\n\t\t\t\t\t\t\t\t\t<section class=\"elementor-section elementor-top-section elementor-element elementor-element-c49f97b elementor-section-stretched elementor-section-full_width elementor-section-height-default elementor-section-height-default\" data-id=\"c49f97b\" data-element_type=\"section\" data-settings=\"{&quot;stretch_section&quot;:&quot;section-stretched&quot;,&quot;background_background&quot;:&quot;classic&quot;}\">\n\t\t\t\t\t\t<div class=\"elementor-container elementor-column-gap-default\">\n\t\t\t\t\t<div class=\"elementor-column elementor-col-100 elementor-top-column elementor-element elementor-element-f2b4d01\" data-id=\"f2b4d01\" data-element_type=\"column\">\n\t\t\t<div class=\"elementor-widget-wrap elementor-element-populated\">\n\t\t\t\t\t\t\t\t<div class=\"elementor-element elementor-element-202d173 elementor-widget elementor-widget-spacer\" data-id=\"202d173\" data-element_type=\"widget\" data-widget_type=\"spacer.default\">\n\t\t\t\t<div class=\"elementor-widget-container\">\n\t\t\t<style>\/*! elementor - v3.16.0 - 20-09-2023 *\/\n.elementor-column .elementor-spacer-inner{height:var(--spacer-size)}.e-con{--container-widget-width:100%}.e-con-inner>.elementor-widget-spacer,.e-con>.elementor-widget-spacer{width:var(--container-widget-width,var(--spacer-size));--align-self:var(--container-widget-align-self,initial);--flex-shrink:0}.e-con-inner>.elementor-widget-spacer>.elementor-widget-container,.e-con>.elementor-widget-spacer>.elementor-widget-container{height:100%;width:100%}.e-con-inner>.elementor-widget-spacer>.elementor-widget-container>.elementor-spacer,.e-con>.elementor-widget-spacer>.elementor-widget-container>.elementor-spacer{height:100%}.e-con-inner>.elementor-widget-spacer>.elementor-widget-container>.elementor-spacer>.elementor-spacer-inner,.e-con>.elementor-widget-spacer>.elementor-widget-container>.elementor-spacer>.elementor-spacer-inner{height:var(--container-widget-height,var(--spacer-size))}.e-con-inner>.elementor-widget-spacer.elementor-widget-empty,.e-con>.elementor-widget-spacer.elementor-widget-empty{position:relative;min-height:22px;min-width:22px}.e-con-inner>.elementor-widget-spacer.elementor-widget-empty .elementor-widget-empty-icon,.e-con>.elementor-widget-spacer.elementor-widget-empty .elementor-widget-empty-icon{position:absolute;top:0;bottom:0;left:0;right:0;margin:auto;padding:0;width:22px;height:22px}<\/style>\t\t<div class=\"elementor-spacer\">\n\t\t\t<div class=\"elementor-spacer-inner\"><\/div>\n\t\t<\/div>\n\t\t\t\t<\/div>\n\t\t\t\t<\/div>\n\t\t\t\t<div class=\"elementor-element elementor-element-69e9593 align-center elementor-widget elementor-widget-mae-headings\" data-id=\"69e9593\" data-element_type=\"widget\" data-widget_type=\"mae-headings.default\">\n\t\t\t\t<div class=\"elementor-widget-container\">\n\t\t\t\t\t<div class=\"master-heading\">\n\t        \n\t        \n\t        \n\t        \t            <div class=\"sub-heading\">Bolga Kalite Kontrol Belgelendirme Hizmetleri Dan\u0131\u015fmanl\u0131k Mimarl\u0131k ve M\u00fchendislik  San. Tic. Ltd. \u015eti. 2020 y\u0131l\u0131nda yurti\u00e7i ve yurtd\u0131\u015f\u0131ndaki firmalarda ve projelerde kaynak m\u00fchendisli\u011fi, kalite dan\u0131\u015fmanl\u0131\u011f\u0131, belgelendirme, denetim, g\u00f6zetim, \u00fcr\u00fcn belgelendirme gibi alanlarda hizmet sunmak amac\u0131yla Ankara\u2019da kurulmu\u015ftur.\n\nKurulu\u015fundan bu yana \u015feffafl\u0131k ve i\u015f bitiricili\u011fi kendisine ilke edinmi\u015f firmam\u0131z olumlu geri d\u00f6n\u00fc\u015fler ile k\u0131sa s\u00fcrede pazarda pay sahibi olmu\u015ftur.\nK\u0131sa s\u00fcrede elde edilen referanslar sayesinde ve yetkin i\u015fbirlik\u00e7ileri ile hizmet sekt\u00f6r\u00fcnde faaliyetlerini devam ettirmektedir.\n\nM\u00fc\u015fterilerimizin istekleri do\u011frultusunda tecr\u00fcbeli, gen\u00e7 ve dinamik teknik kadromuzla sahada ve ofis ortam\u0131nda kaliteli ve h\u0131zl\u0131 hizmeti sunmak \u00f6ncelikli hedeflerimizdendir. B\u00fct\u00fcn bu s\u00fcre\u00e7lerde t\u00fcm \u00e7al\u0131\u015fma arkada\u015flar\u0131m\u0131zla birlikte aktif bir rol almaktay\u0131z.\n\n\u015eirketimizin vizyonu kalitenin sadece ka\u011f\u0131t \u00fczerinde kalmas\u0131 de\u011fil, firmalar\u0131n sistemine entegre bir \u015fekilde ilgili standartlara uygun, d\u00fczenli ve do\u011fru olarak i\u015flemesini sa\u011flamakt\u0131r.<\/div>\n\t        \t    <\/div>\n\t    \t\t<\/div>\n\t\t\t\t<\/div>\n\t\t\t\t<div class=\"elementor-element elementor-element-90619ab elementor-widget elementor-widget-spacer\" data-id=\"90619ab\" data-element_type=\"widget\" data-widget_type=\"spacer.default\">\n\t\t\t\t<div class=\"elementor-widget-container\">\n\t\t\t\t\t<div class=\"elementor-spacer\">\n\t\t\t<div class=\"elementor-spacer-inner\"><\/div>\n\t\t<\/div>\n\t\t\t\t<\/div>\n\t\t\t\t<\/div>\n\t\t\t\t<div class=\"elementor-element elementor-element-292e81d elementor-widget elementor-widget-spacer\" data-id=\"292e81d\" data-element_type=\"widget\" data-widget_type=\"spacer.default\">\n\t\t\t\t<div class=\"elementor-widget-container\">\n\t\t\t\t\t<div class=\"elementor-spacer\">\n\t\t\t<div class=\"elementor-spacer-inner\"><\/div>\n\t\t<\/div>\n\t\t\t\t<\/div>\n\t\t\t\t<\/div>\n\t\t\t\t<div class=\"elementor-element elementor-element-7b7070d elementor-widget elementor-widget-spacer\" data-id=\"7b7070d\" data-element_type=\"widget\" data-widget_type=\"spacer.default\">\n\t\t\t\t<div class=\"elementor-widget-container\">\n\t\t\t\t\t<div class=\"elementor-spacer\">\n\t\t\t<div class=\"elementor-spacer-inner\"><\/div>\n\t\t<\/div>\n\t\t\t\t<\/div>\n\t\t\t\t<\/div>\n\t\t\t\t\t<\/div>\n\t\t<\/div>\n\t\t\t\t\t\t\t<\/div>\n\t\t<\/section>\n\t\t\t\t\t\t\t<\/div>\n\t\t","protected":false},"excerpt":{"rendered":"<p>Bolga Kalite Kontrol Belgelendirme Hizmetleri Dan\u0131\u015fmanl\u0131k Mimarl\u0131k ve M\u00fchendislik San. Tic. Ltd. \u015eti. 2020 y\u0131l\u0131nda yurti\u00e7i ve yurtd\u0131\u015f\u0131ndaki firmalarda ve projelerde kaynak m\u00fchendisli\u011fi, kalite dan\u0131\u015fmanl\u0131\u011f\u0131, belgelendirme, denetim, g\u00f6zetim, \u00fcr\u00fcn belgelendirme gibi alanlarda hizmet sunmak amac\u0131yla Ankara\u2019da kurulmu\u015ftur. Kurulu\u015fundan bu yana \u015feffafl\u0131k ve i\u015f bitiricili\u011fi kendisine ilke edinmi\u015f<\/p>\n","protected":false},"author":1,"featured_media":0,"parent":0,"menu_order":0,"comment_status":"closed","ping_status":"closed","template":"","meta":{"_mi_skip_tracking":false,"_monsterinsights_sitenote_active":false,"_monsterinsights_sitenote_note":"","_monsterinsights_sitenote_category":0,"footnotes":""},"_links":{"self":[{"href":"https:\/\/bolgakalite.com\/index.php\/wp-json\/wp\/v2\/pages\/1133"}],"collection":[{"href":"https:\/\/bolgakalite.com\/index.php\/wp-json\/wp\/v2\/pages"}],"about":[{"href":"https:\/\/bolgakalite.com\/index.php\/wp-json\/wp\/v2\/types\/page"}],"author":[{"embeddable":true,"href":"https:\/\/bolgakalite.com\/index.php\/wp-json\/wp\/v2\/users\/1"}],"replies":[{"embeddable":true,"href":"https:\/\/bolgakalite.com\/index.php\/wp-json\/wp\/v2\/comments?post=1133"}],"version-history":[{"count":17,"href":"https:\/\/bolgakalite.com\/index.php\/wp-json\/wp\/v2\/pages\/1133\/revisions"}],"predecessor-version":[{"id":2182,"href":"https:\/\/bolgakalite.com\/index.php\/wp-json\/wp\/v2\/pages\/1133\/revisions\/2182"}],"wp:attachment":[{"href":"https:\/\/bolgakalite.com\/index.php\/wp-json\/wp\/v2\/media?parent=1133"}],"curies":[{"name":"wp","href":"https:\/\/api.w.org\/{rel}","templated":true}]}}