{"id":2244,"date":"2022-04-20T10:56:19","date_gmt":"2022-04-20T10:56:19","guid":{"rendered":"https:\/\/bolgakalite.com\/?page_id=2244"},"modified":"2022-04-20T10:56:19","modified_gmt":"2022-04-20T10:56:19","slug":"iletisim-2","status":"publish","type":"page","link":"https:\/\/bolgakalite.com\/index.php\/iletisim-2\/","title":{"rendered":"\u0130leti\u015fim"},"content":{"rendered":"<p class=\"p1\"><span class=\"Apple-converted-space\">H\u00fcseyin KAYNAK: <\/span>0554 493 35 00<span class=\"Apple-converted-space\">\u00a0<\/span><\/p>\n<p class=\"p1\"><span class=\"Apple-converted-space\">Or\u00e7un TUTGUN: <\/span>0537 785 54 91<span class=\"Apple-converted-space\">\u00a0<\/span><\/p>\n<p class=\"p1\">H\u00fcseyin DEM\u0130ROK: 0534 276 12 06<span class=\"Apple-converted-space\">\u00a0<\/span><\/p>\n<p class=\"p2\"><span class=\"s1\">MA\u0130L :\u00a0<a href=\"mailto:info@bolgakalite.com\"><span class=\"s2\">info@bolgakalite.com<\/span><\/a><\/span><\/p>\n<p class=\"p1\">ADRES: \u0130vedik OSB Mahallesi Melih G\u00f6k\u00e7ek Bulvar\u0131 Grand Ar\u0131kanlar Plaza Kat: 2 No: 138\/66 Yenimahalle \/ ANKARA<\/p>\n<p><a href=\"https:\/\/www.linkedin.com\/company\/bolgakalite\/\"><strong>linkedin.com\/company\/bolgakalite\/<\/strong><\/a><\/p>\n","protected":false},"excerpt":{"rendered":"<p>H\u00fcseyin KAYNAK: 0554 493 35 00\u00a0 Or\u00e7un TUTGUN: 0537 785 54 91\u00a0 H\u00fcseyin DEM\u0130ROK: 0534 276 12 06\u00a0 MA\u0130L :\u00a0info@bolgakalite.com ADRES: \u0130vedik OSB Mahallesi Melih G\u00f6k\u00e7ek Bulvar\u0131 Grand Ar\u0131kanlar Plaza Kat: 2 No: 138\/66 Yenimahalle \/ ANKARA linkedin.com\/company\/bolgakalite\/<\/p>\n","protected":false},"author":1,"featured_media":0,"parent":0,"menu_order":0,"comment_status":"closed","ping_status":"closed","template":"","meta":{"_mi_skip_tracking":false,"_monsterinsights_sitenote_active":false,"_monsterinsights_sitenote_note":"","_monsterinsights_sitenote_category":0,"footnotes":""},"_links":{"self":[{"href":"https:\/\/bolgakalite.com\/index.php\/wp-json\/wp\/v2\/pages\/2244"}],"collection":[{"href":"https:\/\/bolgakalite.com\/index.php\/wp-json\/wp\/v2\/pages"}],"about":[{"href":"https:\/\/bolgakalite.com\/index.php\/wp-json\/wp\/v2\/types\/page"}],"author":[{"embeddable":true,"href":"https:\/\/bolgakalite.com\/index.php\/wp-json\/wp\/v2\/users\/1"}],"replies":[{"embeddable":true,"href":"https:\/\/bolgakalite.com\/index.php\/wp-json\/wp\/v2\/comments?post=2244"}],"version-history":[{"count":1,"href":"https:\/\/bolgakalite.com\/index.php\/wp-json\/wp\/v2\/pages\/2244\/revisions"}],"predecessor-version":[{"id":2245,"href":"https:\/\/bolgakalite.com\/index.php\/wp-json\/wp\/v2\/pages\/2244\/revisions\/2245"}],"wp:attachment":[{"href":"https:\/\/bolgakalite.com\/index.php\/wp-json\/wp\/v2\/media?parent=2244"}],"curies":[{"name":"wp","href":"https:\/\/api.w.org\/{rel}","templated":true}]}}