{"id":608,"date":"2020-08-15T14:18:36","date_gmt":"2020-08-15T14:18:36","guid":{"rendered":"http:\/\/ninzio.com\/byron\/?page_id=608"},"modified":"2023-03-23T23:35:22","modified_gmt":"2023-03-23T23:35:22","slug":"home-construction","status":"publish","type":"page","link":"https:\/\/bolgakalite.com\/","title":{"rendered":"Bolga Kalite"},"content":{"rendered":"\t\t<div data-elementor-type=\"wp-page\" data-elementor-id=\"608\" class=\"elementor elementor-608\">\n\t\t\t\t\t\t\t\t\t<section class=\"elementor-section elementor-top-section elementor-element elementor-element-e568d1d elementor-section-boxed elementor-section-height-default elementor-section-height-default\" data-id=\"e568d1d\" data-element_type=\"section\">\n\t\t\t\t\t\t<div class=\"elementor-container elementor-column-gap-default\">\n\t\t\t\t\t<div class=\"elementor-column elementor-col-100 elementor-top-column elementor-element elementor-element-25416c0\" data-id=\"25416c0\" data-element_type=\"column\">\n\t\t\t<div class=\"elementor-widget-wrap elementor-element-populated\">\n\t\t\t\t\t\t\t\t<div class=\"elementor-element elementor-element-14fee1a elementor-widget elementor-widget-slider_revolution\" data-id=\"14fee1a\" data-element_type=\"widget\" data-widget_type=\"slider_revolution.default\">\n\t\t\t\t<div class=\"elementor-widget-container\">\n\t\t\t\n\t\t<div class=\"wp-block-themepunch-revslider\">\n\t\t\t<!-- START Home Construction REVOLUTION SLIDER 6.5.10 --><p class=\"rs-p-wp-fix\"><\/p>\n\t\t\t<rs-module-wrap id=\"rev_slider_1_1_wrapper\" data-source=\"gallery\" style=\"visibility:hidden;background:transparent;padding:0;margin:0px auto;margin-top:0;margin-bottom:0;\">\n\t\t\t\t<rs-module id=\"rev_slider_1_1\" style=\"\" data-version=\"6.5.10\">\n\t\t\t\t\t<rs-slides>\n\t\t\t\t\t\t<rs-slide style=\"position: absolute;\" data-key=\"rs-1\" data-title=\"Slide\" data-thumb=\"\/\/bolgakalite.com\/wp-content\/uploads\/2021\/12\/construction-slider-1-1-50x100.png\" data-in=\"o:0;\" data-out=\"a:false;\">\n\t\t\t\t\t\t\t<img decoding=\"async\" loading=\"lazy\" src=\"\/\/bolgakalite.com\/wp-content\/plugins\/revslider\/public\/assets\/assets\/dummy.png\" title=\"construction-slider-1\" width=\"1920\" height=\"1080\" class=\"rev-slidebg tp-rs-img rs-lazyload\" data-lazyload=\"\/\/bolgakalite.com\/wp-content\/uploads\/2021\/12\/construction-slider-1-1.png\" data-no-retina>\n<!--\n\t\t\t\t\t\t\t--><rs-layer\n\t\t\t\t\t\t\t\tid=\"slider-1-slide-1-layer-0\" \n\t\t\t\t\t\t\t\tclass=\"rs-has-line\"\n\t\t\t\t\t\t\t\tdata-type=\"text\"\n\t\t\t\t\t\t\t\tdata-xy=\"x:c;yo:150px,131px,158px,80px;\"\n\t\t\t\t\t\t\t\tdata-text=\"w:normal;s:16;l:24;a:center;\"\n\t\t\t\t\t\t\t\tdata-dim=\"w:auto,auto,360px,320px;\"\n\t\t\t\t\t\t\t\tdata-rsp_bd=\"off\"\n\t\t\t\t\t\t\t\tdata-frame_0=\"y:50,43,32,19;\"\n\t\t\t\t\t\t\t\tdata-frame_1=\"sp:1000;\"\n\t\t\t\t\t\t\t\tdata-frame_999=\"o:0;st:w;\"\n\t\t\t\t\t\t\t\tstyle=\"z-index:8;font-family:'Roboto';\"\n\t\t\t\t\t\t\t>BOLGA KAL\u0130TE \n\t\t\t\t\t\t\t<\/rs-layer><!--\n\n\t\t\t\t\t\t\t--><rs-layer\n\t\t\t\t\t\t\t\tid=\"slider-1-slide-1-layer-1\" \n\t\t\t\t\t\t\t\tdata-type=\"text\"\n\t\t\t\t\t\t\t\tdata-rsp_ch=\"on\"\n\t\t\t\t\t\t\t\tdata-xy=\"x:c;yo:193px,178px,256px,164px;\"\n\t\t\t\t\t\t\t\tdata-text=\"w:normal;s:82,80,51,42;l:90,90,61,48;fw:600;a:center;\"\n\t\t\t\t\t\t\t\tdata-dim=\"w:1020px,1000px,630px,388px;\"\n\t\t\t\t\t\t\t\tdata-frame_0=\"y:50,43,32,19;\"\n\t\t\t\t\t\t\t\tdata-frame_1=\"st:300;sp:1000;\"\n\t\t\t\t\t\t\t\tdata-frame_999=\"o:0;st:w;\"\n\t\t\t\t\t\t\t\tstyle=\"z-index:9;font-family:'Barlow';\"\n\t\t\t\t\t\t\t>Kaynak M\u00fchendisli\u011fi Hizmeti \n\t\t\t\t\t\t\t<\/rs-layer><!--\n\n\t\t\t\t\t\t\t--><rs-layer\n\t\t\t\t\t\t\t\tid=\"slider-1-slide-1-layer-2\" \n\t\t\t\t\t\t\t\tdata-type=\"text\"\n\t\t\t\t\t\t\t\tdata-xy=\"x:c;xo:-13px,0,0,0;yo:310px,390px,414px,344px;\"\n\t\t\t\t\t\t\t\tdata-text=\"w:normal;s:22,22,18,16;l:33,33,27,25;a:center;\"\n\t\t\t\t\t\t\t\tdata-dim=\"w:720px,720px,420px,280px;h:228px,199px,151px,93px;\"\n\t\t\t\t\t\t\t\tdata-rsp_bd=\"off\"\n\t\t\t\t\t\t\t\tdata-frame_0=\"y:50,43,32,19;\"\n\t\t\t\t\t\t\t\tdata-frame_1=\"st:600;sp:1000;\"\n\t\t\t\t\t\t\t\tdata-frame_999=\"o:0;st:w;\"\n\t\t\t\t\t\t\t\tstyle=\"z-index:10;font-family:'Roboto';\"\n\t\t\t\t\t\t\t>\u00c7elik konstr\u00fcksiyon imalat\u0131, bas\u0131n\u00e7l\u0131 kaplar \u00fcretimi, demiryolu ekipmanlar\u0131, Kaynak M\u00fchendisli\u011fi, Kaynak Y\u00f6ntem \u015eartnameleri (WPS), Kaynak Y\u00f6ntem Onay\u0131 (PQR) ve t\u00fcm kaynakl\u0131 \u0130malatlar\u0131n\u0131z dan\u0131\u015fmanl\u0131k hizmetlerimiz kapsam\u0131ndad\u0131r. \n\t\t\t\t\t\t\t<\/rs-layer><!--\n\n\t\t\t\t\t\t\t--><a\n\t\t\t\t\t\t\t\tid=\"slider-1-slide-1-layer-3\" \n\t\t\t\t\t\t\t\tclass=\"rs-layer rev-btn icon-right rev-btn\"\n\t\t\t\t\t\t\t\thref=\"https:\/\/bolgakalite.com\/index.php\/kaynak-muhendisligi\/\" target=\"_self\" rel=\"nofollow\"\n\t\t\t\t\t\t\t\tdata-type=\"button\"\n\t\t\t\t\t\t\t\tdata-xy=\"x:c;xo:-10px,-77px,-117px,-103px;yo:467px,506px,597px,520px;\"\n\t\t\t\t\t\t\t\tdata-text=\"w:normal;s:17;l:60;fw:500;a:center;\"\n\t\t\t\t\t\t\t\tdata-dim=\"w:160px,160px,160px,140px;minh:0px,none,none,none;\"\n\t\t\t\t\t\t\t\tdata-rsp_bd=\"off\"\n\t\t\t\t\t\t\t\tdata-padding=\"r:35,31,24,15;l:35,31,24,15;\"\n\t\t\t\t\t\t\t\tdata-border=\"bor:3px,3px,3px,3px;\"\n\t\t\t\t\t\t\t\tdata-frame_0=\"y:50,43,32,19;\"\n\t\t\t\t\t\t\t\tdata-frame_1=\"st:1200;sp:1000;\"\n\t\t\t\t\t\t\t\tdata-frame_999=\"o:0;st:w;\"\n\t\t\t\t\t\t\t\tdata-frame_hover=\"bgc:#030f27;bor:3px,3px,3px,3px;sp:100;e:power1.inOut;bri:100%;\"\n\t\t\t\t\t\t\t\tstyle=\"z-index:12;background-color:#f5ad0d;font-family:'Roboto';\"\n\t\t\t\t\t\t\t>Detayl\u0131 Bilgi \n\t\t\t\t\t\t\t<\/a><!--\n-->\t\t\t\t\t\t<\/rs-slide>\n\t\t\t\t\t\t<rs-slide style=\"position: absolute;\" data-key=\"rs-2\" data-title=\"Slide\" data-thumb=\"\/\/bolgakalite.com\/wp-content\/uploads\/2021\/12\/construction-slider-1-2-50x100.png\" data-in=\"o:0;\" data-out=\"a:false;\">\n\t\t\t\t\t\t\t<img decoding=\"async\" loading=\"lazy\" src=\"\/\/bolgakalite.com\/wp-content\/plugins\/revslider\/public\/assets\/assets\/dummy.png\" title=\"construction-slider-1\" width=\"1920\" height=\"1080\" class=\"rev-slidebg tp-rs-img rs-lazyload\" data-lazyload=\"\/\/bolgakalite.com\/wp-content\/uploads\/2021\/12\/construction-slider-1-2.png\" data-no-retina>\n<!--\n\t\t\t\t\t\t\t--><rs-layer\n\t\t\t\t\t\t\t\tid=\"slider-1-slide-2-layer-0\" \n\t\t\t\t\t\t\t\tclass=\"rs-has-line\"\n\t\t\t\t\t\t\t\tdata-type=\"text\"\n\t\t\t\t\t\t\t\tdata-xy=\"x:c;yo:150px,131px,158px,80px;\"\n\t\t\t\t\t\t\t\tdata-text=\"w:normal;s:16;l:24;a:center;\"\n\t\t\t\t\t\t\t\tdata-dim=\"w:auto,auto,360px,320px;\"\n\t\t\t\t\t\t\t\tdata-rsp_bd=\"off\"\n\t\t\t\t\t\t\t\tdata-frame_0=\"y:50,43,32,19;\"\n\t\t\t\t\t\t\t\tdata-frame_1=\"sp:1000;\"\n\t\t\t\t\t\t\t\tdata-frame_999=\"o:0;st:w;\"\n\t\t\t\t\t\t\t\tstyle=\"z-index:8;font-family:'Roboto';\"\n\t\t\t\t\t\t\t>BOLGA KAL\u0130TE \n\t\t\t\t\t\t\t<\/rs-layer><!--\n\n\t\t\t\t\t\t\t--><rs-layer\n\t\t\t\t\t\t\t\tid=\"slider-1-slide-2-layer-1\" \n\t\t\t\t\t\t\t\tdata-type=\"text\"\n\t\t\t\t\t\t\t\tdata-rsp_ch=\"on\"\n\t\t\t\t\t\t\t\tdata-xy=\"x:c;xo:1px,0,0,0;yo:192px,178px,256px,164px;\"\n\t\t\t\t\t\t\t\tdata-text=\"w:normal;s:82,80,51,42;l:90,90,61,48;fw:600;a:center;\"\n\t\t\t\t\t\t\t\tdata-dim=\"w:1020px,1000px,630px,388px;\"\n\t\t\t\t\t\t\t\tdata-frame_0=\"y:50,43,32,19;\"\n\t\t\t\t\t\t\t\tdata-frame_1=\"st:300;sp:1000;\"\n\t\t\t\t\t\t\t\tdata-frame_999=\"o:0;st:w;\"\n\t\t\t\t\t\t\t\tstyle=\"z-index:9;font-family:'Barlow';\"\n\t\t\t\t\t\t\t>Belgelendirme \n\t\t\t\t\t\t\t<\/rs-layer><!--\n\n\t\t\t\t\t\t\t--><rs-layer\n\t\t\t\t\t\t\t\tid=\"slider-1-slide-2-layer-2\" \n\t\t\t\t\t\t\t\tdata-type=\"text\"\n\t\t\t\t\t\t\t\tdata-xy=\"x:c;xo:-1px,0,0,0;yo:319px,390px,414px,344px;\"\n\t\t\t\t\t\t\t\tdata-text=\"w:normal;s:22,22,18,16;l:33,33,27,25;a:center;\"\n\t\t\t\t\t\t\t\tdata-dim=\"w:720px,720px,420px,280px;\"\n\t\t\t\t\t\t\t\tdata-rsp_bd=\"off\"\n\t\t\t\t\t\t\t\tdata-frame_0=\"y:50,43,32,19;\"\n\t\t\t\t\t\t\t\tdata-frame_1=\"st:600;sp:1000;\"\n\t\t\t\t\t\t\t\tdata-frame_999=\"o:0;st:w;\"\n\t\t\t\t\t\t\t\tstyle=\"z-index:10;font-family:'Roboto';\"\n\t\t\t\t\t\t\t>ISO 9001 - 14001 - 45001<br \/>\nEN ISO 1090 - 3834 - 15085<br \/>\nIATF 16949<br \/>\nKAYNAK\u00c7I BELGELEND\u0130RME<br \/>\nCE \u00dcR\u00dcN BELGELEND\u0130RME<br \/>\nMYK BELGES\u0130<br \/>\nCERTIFICATE OF CONFORMITY (COC) Belgesi \n\t\t\t\t\t\t\t<\/rs-layer><!--\n\n\t\t\t\t\t\t\t--><a\n\t\t\t\t\t\t\t\tid=\"slider-1-slide-2-layer-3\" \n\t\t\t\t\t\t\t\tclass=\"rs-layer rev-btn icon-right rev-btn\"\n\t\t\t\t\t\t\t\thref=\"https:\/\/bolgakalite.com\/index.php\/belgelendirme\/\" target=\"_self\" rel=\"nofollow\"\n\t\t\t\t\t\t\t\tdata-type=\"button\"\n\t\t\t\t\t\t\t\tdata-xy=\"x:c;xo:-3px,-77px,-117px,-103px;yo:578px,506px,597px,520px;\"\n\t\t\t\t\t\t\t\tdata-text=\"w:normal;s:17;l:60;fw:500;a:center;\"\n\t\t\t\t\t\t\t\tdata-dim=\"w:160px,160px,160px,140px;minh:0px,none,none,none;\"\n\t\t\t\t\t\t\t\tdata-rsp_bd=\"off\"\n\t\t\t\t\t\t\t\tdata-padding=\"r:35,31,24,15;l:35,31,24,15;\"\n\t\t\t\t\t\t\t\tdata-border=\"bor:3px,3px,3px,3px;\"\n\t\t\t\t\t\t\t\tdata-frame_0=\"y:50,43,32,19;\"\n\t\t\t\t\t\t\t\tdata-frame_1=\"st:1200;sp:1000;\"\n\t\t\t\t\t\t\t\tdata-frame_999=\"o:0;st:w;\"\n\t\t\t\t\t\t\t\tdata-frame_hover=\"bgc:#030f27;bor:3px,3px,3px,3px;sp:100;e:power1.inOut;bri:100%;\"\n\t\t\t\t\t\t\t\tstyle=\"z-index:12;background-color:#f5ad0d;font-family:'Roboto';\"\n\t\t\t\t\t\t\t>Detayl\u0131 Bilgi \n\t\t\t\t\t\t\t<\/a><!--\n-->\t\t\t\t\t\t<\/rs-slide>\n\t\t\t\t\t\t<rs-slide style=\"position: absolute;\" data-key=\"rs-4\" data-title=\"Slide\" data-thumb=\"\/\/bolgakalite.com\/wp-content\/uploads\/2021\/12\/construction-slider-1-4-50x100.png\" data-in=\"o:0;\" data-out=\"a:false;\">\n\t\t\t\t\t\t\t<img decoding=\"async\" loading=\"lazy\" src=\"\/\/bolgakalite.com\/wp-content\/plugins\/revslider\/public\/assets\/assets\/dummy.png\" title=\"construction-slider-1\" width=\"1920\" height=\"1080\" class=\"rev-slidebg tp-rs-img rs-lazyload\" data-lazyload=\"\/\/bolgakalite.com\/wp-content\/uploads\/2021\/12\/construction-slider-1-4.png\" data-no-retina>\n<!--\n\t\t\t\t\t\t\t--><rs-layer\n\t\t\t\t\t\t\t\tid=\"slider-1-slide-4-layer-0\" \n\t\t\t\t\t\t\t\tclass=\"rs-has-line\"\n\t\t\t\t\t\t\t\tdata-type=\"text\"\n\t\t\t\t\t\t\t\tdata-xy=\"x:c;yo:150px,131px,158px,80px;\"\n\t\t\t\t\t\t\t\tdata-text=\"w:normal;s:16;l:24;a:center;\"\n\t\t\t\t\t\t\t\tdata-dim=\"w:auto,auto,360px,320px;\"\n\t\t\t\t\t\t\t\tdata-rsp_bd=\"off\"\n\t\t\t\t\t\t\t\tdata-frame_0=\"y:50,43,32,19;\"\n\t\t\t\t\t\t\t\tdata-frame_1=\"sp:1000;\"\n\t\t\t\t\t\t\t\tdata-frame_999=\"o:0;st:w;\"\n\t\t\t\t\t\t\t\tstyle=\"z-index:8;font-family:'Roboto';\"\n\t\t\t\t\t\t\t>BOLGA KAL\u0130TE \n\t\t\t\t\t\t\t<\/rs-layer><!--\n\n\t\t\t\t\t\t\t--><rs-layer\n\t\t\t\t\t\t\t\tid=\"slider-1-slide-4-layer-1\" \n\t\t\t\t\t\t\t\tdata-type=\"text\"\n\t\t\t\t\t\t\t\tdata-rsp_ch=\"on\"\n\t\t\t\t\t\t\t\tdata-xy=\"x:c;yo:193px,178px,256px,164px;\"\n\t\t\t\t\t\t\t\tdata-text=\"w:normal;s:82,80,51,42;l:90,90,61,48;fw:600;a:center;\"\n\t\t\t\t\t\t\t\tdata-dim=\"w:1020px,1000px,630px,388px;\"\n\t\t\t\t\t\t\t\tdata-frame_0=\"y:50,43,32,19;\"\n\t\t\t\t\t\t\t\tdata-frame_1=\"st:300;sp:1000;\"\n\t\t\t\t\t\t\t\tdata-frame_999=\"o:0;st:w;\"\n\t\t\t\t\t\t\t\tstyle=\"z-index:9;font-family:'Barlow';\"\n\t\t\t\t\t\t\t>G\u00f6zetim & Denetim \n\t\t\t\t\t\t\t<\/rs-layer><!--\n\n\t\t\t\t\t\t\t--><rs-layer\n\t\t\t\t\t\t\t\tid=\"slider-1-slide-4-layer-2\" \n\t\t\t\t\t\t\t\tdata-type=\"text\"\n\t\t\t\t\t\t\t\tdata-xy=\"x:c;xo:5px,0,0,0;yo:314px,390px,414px,344px;\"\n\t\t\t\t\t\t\t\tdata-text=\"w:normal;s:22,22,18,16;l:33,33,27,25;a:center;\"\n\t\t\t\t\t\t\t\tdata-dim=\"w:720px,720px,420px,280px;\"\n\t\t\t\t\t\t\t\tdata-rsp_bd=\"off\"\n\t\t\t\t\t\t\t\tdata-frame_0=\"y:50,43,32,19;\"\n\t\t\t\t\t\t\t\tdata-frame_1=\"st:600;sp:1000;\"\n\t\t\t\t\t\t\t\tdata-frame_999=\"o:0;st:w;\"\n\t\t\t\t\t\t\t\tstyle=\"z-index:10;font-family:'Roboto';\"\n\t\t\t\t\t\t\t>3. Taraf g\u00f6zetim<br \/>\n2. Taraf g\u00f6zetim<br \/>\nG\u00fcnl\u00fck denetimler<br \/>\nPeriyodik bak\u0131m denetimleri<br \/>\n \n\t\t\t\t\t\t\t<\/rs-layer><!--\n\n\t\t\t\t\t\t\t--><a\n\t\t\t\t\t\t\t\tid=\"slider-1-slide-4-layer-3\" \n\t\t\t\t\t\t\t\tclass=\"rs-layer rev-btn icon-right rev-btn\"\n\t\t\t\t\t\t\t\thref=\"https:\/\/bolgakalite.com\/index.php\/gozetim-denetim\/\" target=\"_self\" rel=\"nofollow\"\n\t\t\t\t\t\t\t\tdata-type=\"button\"\n\t\t\t\t\t\t\t\tdata-xy=\"x:c;xo:8px,-77px,-117px,-103px;yo:482px,506px,597px,520px;\"\n\t\t\t\t\t\t\t\tdata-text=\"w:normal;s:17;l:60;fw:500;a:center;\"\n\t\t\t\t\t\t\t\tdata-dim=\"w:160px,160px,160px,140px;minh:0px,none,none,none;\"\n\t\t\t\t\t\t\t\tdata-rsp_bd=\"off\"\n\t\t\t\t\t\t\t\tdata-padding=\"r:35,31,24,15;l:35,31,24,15;\"\n\t\t\t\t\t\t\t\tdata-border=\"bor:3px,3px,3px,3px;\"\n\t\t\t\t\t\t\t\tdata-frame_0=\"y:50,43,32,19;\"\n\t\t\t\t\t\t\t\tdata-frame_1=\"st:1200;sp:1000;\"\n\t\t\t\t\t\t\t\tdata-frame_999=\"o:0;st:w;\"\n\t\t\t\t\t\t\t\tdata-frame_hover=\"bgc:#030f27;bor:3px,3px,3px,3px;sp:100;e:power1.inOut;bri:100%;\"\n\t\t\t\t\t\t\t\tstyle=\"z-index:12;background-color:#f5ad0d;font-family:'Roboto';\"\n\t\t\t\t\t\t\t>Detayl\u0131 Bilgi \n\t\t\t\t\t\t\t<\/a><!--\n-->\t\t\t\t\t\t<\/rs-slide>\n\t\t\t\t\t<\/rs-slides>\n\t\t\t\t\t<rs-static-layers><!--\n\t\t\t\t\t--><\/rs-static-layers>\n\t\t\t\t<\/rs-module>\n\t\t\t\t<script type=\"text\/javascript\">\n\t\t\t\t\tsetREVStartSize({c: 'rev_slider_1_1',rl:[1240,1024,778,480],el:[930,920,960,720],gw:[1170,1024,778,480],gh:[930,920,960,720],type:'standard',justify:'',layout:'fullwidth',mh:\"0\"});if (window.RS_MODULES!==undefined && window.RS_MODULES.modules!==undefined && window.RS_MODULES.modules[\"revslider11\"]!==undefined) {window.RS_MODULES.modules[\"revslider11\"].once = false;window.revapi1 = undefined;if (window.RS_MODULES.checkMinimal!==undefined) window.RS_MODULES.checkMinimal()}\n\t\t\t\t<\/script>\n\t\t\t<\/rs-module-wrap>\n\t\t\t<!-- END REVOLUTION SLIDER -->\n<\/div>\n\n\t\t\t\t<\/div>\n\t\t\t\t<\/div>\n\t\t\t\t\t<\/div>\n\t\t<\/div>\n\t\t\t\t\t\t\t<\/div>\n\t\t<\/section>\n\t\t\t\t<section class=\"elementor-section elementor-top-section elementor-element elementor-element-39a3610 elementor-section-boxed elementor-section-height-default elementor-section-height-default\" data-id=\"39a3610\" data-element_type=\"section\">\n\t\t\t\t\t\t<div class=\"elementor-container elementor-column-gap-default\">\n\t\t\t\t\t<div class=\"elementor-column elementor-col-100 elementor-top-column elementor-element elementor-element-fc1fb40\" data-id=\"fc1fb40\" data-element_type=\"column\">\n\t\t\t<div class=\"elementor-widget-wrap elementor-element-populated\">\n\t\t\t\t\t\t\t\t<div class=\"elementor-element elementor-element-f698d86 elementor-widget elementor-widget-spacer\" data-id=\"f698d86\" data-element_type=\"widget\" data-widget_type=\"spacer.default\">\n\t\t\t\t<div class=\"elementor-widget-container\">\n\t\t\t<style>\/*! elementor - v3.16.0 - 20-09-2023 *\/\n.elementor-column .elementor-spacer-inner{height:var(--spacer-size)}.e-con{--container-widget-width:100%}.e-con-inner>.elementor-widget-spacer,.e-con>.elementor-widget-spacer{width:var(--container-widget-width,var(--spacer-size));--align-self:var(--container-widget-align-self,initial);--flex-shrink:0}.e-con-inner>.elementor-widget-spacer>.elementor-widget-container,.e-con>.elementor-widget-spacer>.elementor-widget-container{height:100%;width:100%}.e-con-inner>.elementor-widget-spacer>.elementor-widget-container>.elementor-spacer,.e-con>.elementor-widget-spacer>.elementor-widget-container>.elementor-spacer{height:100%}.e-con-inner>.elementor-widget-spacer>.elementor-widget-container>.elementor-spacer>.elementor-spacer-inner,.e-con>.elementor-widget-spacer>.elementor-widget-container>.elementor-spacer>.elementor-spacer-inner{height:var(--container-widget-height,var(--spacer-size))}.e-con-inner>.elementor-widget-spacer.elementor-widget-empty,.e-con>.elementor-widget-spacer.elementor-widget-empty{position:relative;min-height:22px;min-width:22px}.e-con-inner>.elementor-widget-spacer.elementor-widget-empty .elementor-widget-empty-icon,.e-con>.elementor-widget-spacer.elementor-widget-empty .elementor-widget-empty-icon{position:absolute;top:0;bottom:0;left:0;right:0;margin:auto;padding:0;width:22px;height:22px}<\/style>\t\t<div class=\"elementor-spacer\">\n\t\t\t<div class=\"elementor-spacer-inner\"><\/div>\n\t\t<\/div>\n\t\t\t\t<\/div>\n\t\t\t\t<\/div>\n\t\t\t\t<div class=\"elementor-element elementor-element-f6c3dea elementor-widget elementor-widget-spacer\" data-id=\"f6c3dea\" data-element_type=\"widget\" data-widget_type=\"spacer.default\">\n\t\t\t\t<div class=\"elementor-widget-container\">\n\t\t\t\t\t<div class=\"elementor-spacer\">\n\t\t\t<div class=\"elementor-spacer-inner\"><\/div>\n\t\t<\/div>\n\t\t\t\t<\/div>\n\t\t\t\t<\/div>\n\t\t\t\t\t<\/div>\n\t\t<\/div>\n\t\t\t\t\t\t\t<\/div>\n\t\t<\/section>\n\t\t\t\t\t\t\t<\/div>\n\t\t","protected":false},"excerpt":{"rendered":"","protected":false},"author":1,"featured_media":0,"parent":0,"menu_order":0,"comment_status":"closed","ping_status":"closed","template":"elementor_theme","meta":{"_mi_skip_tracking":false,"_monsterinsights_sitenote_active":false,"_monsterinsights_sitenote_note":"","_monsterinsights_sitenote_category":0,"footnotes":""},"_links":{"self":[{"href":"https:\/\/bolgakalite.com\/index.php\/wp-json\/wp\/v2\/pages\/608"}],"collection":[{"href":"https:\/\/bolgakalite.com\/index.php\/wp-json\/wp\/v2\/pages"}],"about":[{"href":"https:\/\/bolgakalite.com\/index.php\/wp-json\/wp\/v2\/types\/page"}],"author":[{"embeddable":true,"href":"https:\/\/bolgakalite.com\/index.php\/wp-json\/wp\/v2\/users\/1"}],"replies":[{"embeddable":true,"href":"https:\/\/bolgakalite.com\/index.php\/wp-json\/wp\/v2\/comments?post=608"}],"version-history":[{"count":8,"href":"https:\/\/bolgakalite.com\/index.php\/wp-json\/wp\/v2\/pages\/608\/revisions"}],"predecessor-version":[{"id":2239,"href":"https:\/\/bolgakalite.com\/index.php\/wp-json\/wp\/v2\/pages\/608\/revisions\/2239"}],"wp:attachment":[{"href":"https:\/\/bolgakalite.com\/index.php\/wp-json\/wp\/v2\/media?parent=608"}],"curies":[{"name":"wp","href":"https:\/\/api.w.org\/{rel}","templated":true}]}}